{"id":51,"date":"2025-11-05T21:23:26","date_gmt":"2025-11-05T20:23:26","guid":{"rendered":"https:\/\/krakowzakolewisly.pl\/index.php\/lorem-ipsum-is-simply-dummy-text-of-the-printing\/"},"modified":"2025-11-07T20:10:10","modified_gmt":"2025-11-07T19:10:10","slug":"biuro","status":"publish","type":"page","link":"https:\/\/krakowzakolewisly.pl\/index.php\/biuro\/","title":{"rendered":"Biuro"},"content":{"rendered":"\n<p>Zarz\u0105d i Kasa czynne w ka\u017cdy poniedzia\u0142ek w godzinach od 15.00 do 18.00.<br>Wskaz\u00f3wki dojazdu do Ogrodu i do Biura znajduj\u0105 si\u0119 na mapie poni\u017cej.<\/p>\n\n\n\n<p><\/p>\n\n\n\n<p><\/p>\n\n\n\n<div class=\"wp-block-columns is-layout-flex wp-container-core-columns-is-layout-9d6595d7 wp-block-columns-is-layout-flex\">\n<div class=\"wp-block-column is-layout-flow wp-block-column-is-layout-flow\">\n<h4 class=\"wp-block-heading\">Sk\u0142ad Zarz\u0105du<\/h4>\n\n\n\n<p><\/p>\n\n\n\n<ul class=\"wp-block-list\">\n<li>Barbara Bednarek &#8211; Prezes<\/li>\n\n\n\n<li>Damian Adamek &#8211; Wiceprezes<\/li>\n\n\n\n<li>W\u0142adys\u0142aw Kr\u00f3l &#8211; Wiceprezes<\/li>\n\n\n\n<li>Hanna \u0141ucka &#8211; Sekretarz<\/li>\n\n\n\n<li>W\u0142adys\u0142awa Sys\u0142o &#8211; Skarbnik<\/li>\n\n\n\n<li>Ryszard Maca\u0142ka &#8211; Cz\u0142onek zarz\u0105du<\/li>\n\n\n\n<li>Urszula Fortuna &#8211; Cz\u0142onek zarz\u0105du<\/li>\n\n\n\n<li>Krzysztof Gach &#8211; Cz\u0142onek zarz\u0105du<\/li>\n\n\n\n<li>Wojciech Chwast &#8211; Cz\u0142onek zarz\u0105du<\/li>\n<\/ul>\n<\/div>\n\n\n\n<div class=\"wp-block-column is-layout-flow wp-block-column-is-layout-flow\">\n<h4 class=\"wp-block-heading\">Komisja rewizyjna<\/h4>\n\n\n\n<p><\/p>\n\n\n\n<ul class=\"wp-block-list\">\n<li>Janusz Nowak &#8211; Przewodnicz\u0105cy<\/li>\n\n\n\n<li>Natalia Horuja &#8211; Cz\u0142onek komisji<\/li>\n\n\n\n<li>Marta Romanowska &#8211; Cz\u0142onek komisji<\/li>\n<\/ul>\n\n\n\n<p><\/p>\n\n\n\n<h4 class=\"wp-block-heading\">Instruktorzy ogrodowi<\/h4>\n\n\n\n<p><\/p>\n\n\n\n<ul class=\"wp-block-list\">\n<li>Barbara Bednarek<\/li>\n<\/ul>\n<\/div>\n<\/div>\n\n\n\n<div class=\"wp-block-ive-google-map alignnone ive_google_map_4659ae-96\"><div id=\"overlay\" style=\"cursor:pointer\"><\/div><div class=\"ive-google-map__wrap\" id=\"ive-google-map-d64659ae-9651-4931-90f3-36728e5329d7\"><iframe class=\"ive-google-map__iframe\" src=\"https:\/\/maps.google.com\/maps?q=Rod%20zakole%20wis%C5%82y&amp;t=&amp;z=12&amp;ie=UTF8&amp;iwloc=&amp;output=embed\" style=\"height:300px;width:100%;opacity:1\"><\/iframe><\/div><\/div>\n","protected":false},"excerpt":{"rendered":"<p>Zarz\u0105d i Kasa czynne w ka\u017cdy poniedzia\u0142ek w godzinach od 15.00 do 18.00.Wskaz\u00f3wki dojazdu do Ogrodu i do Biura znajduj\u0105 si\u0119 na mapie poni\u017cej. Sk\u0142ad Zarz\u0105du Komisja rewizyjna Instruktorzy ogrodowi<\/p>\n","protected":false},"author":1,"featured_media":52,"parent":0,"menu_order":0,"comment_status":"closed","ping_status":"closed","template":"","meta":{"_regular_price":[],"currency_symbol":[],"footnotes":""},"class_list":["post-51","page","type-page","status-publish","has-post-thumbnail","hentry"],"post_slider_layout_featured_media_urls":{"thumbnail":["https:\/\/krakowzakolewisly.pl\/wp-content\/uploads\/2025\/11\/slider1-150x150.png",150,150,true],"post_slider_layout_landscape_large":["https:\/\/krakowzakolewisly.pl\/wp-content\/uploads\/2025\/11\/slider1-1200x550.png",1200,550,true],"post_slider_layout_portrait_large":["https:\/\/krakowzakolewisly.pl\/wp-content\/uploads\/2025\/11\/slider1-1200x550.png",1200,550,true],"post_slider_layout_square_large":["https:\/\/krakowzakolewisly.pl\/wp-content\/uploads\/2025\/11\/slider1-1200x550.png",1200,550,true],"post_slider_layout_landscape":["https:\/\/krakowzakolewisly.pl\/wp-content\/uploads\/2025\/11\/slider1-600x400.png",600,400,true],"post_slider_layout_portrait":["https:\/\/krakowzakolewisly.pl\/wp-content\/uploads\/2025\/11\/slider1-600x550.png",600,550,true],"post_slider_layout_square":["https:\/\/krakowzakolewisly.pl\/wp-content\/uploads\/2025\/11\/slider1-600x550.png",600,550,true],"full":["https:\/\/krakowzakolewisly.pl\/wp-content\/uploads\/2025\/11\/slider1.png",1400,550,false]},"_links":{"self":[{"href":"https:\/\/krakowzakolewisly.pl\/index.php\/wp-json\/wp\/v2\/pages\/51","targetHints":{"allow":["GET"]}}],"collection":[{"href":"https:\/\/krakowzakolewisly.pl\/index.php\/wp-json\/wp\/v2\/pages"}],"about":[{"href":"https:\/\/krakowzakolewisly.pl\/index.php\/wp-json\/wp\/v2\/types\/page"}],"author":[{"embeddable":true,"href":"https:\/\/krakowzakolewisly.pl\/index.php\/wp-json\/wp\/v2\/users\/1"}],"replies":[{"embeddable":true,"href":"https:\/\/krakowzakolewisly.pl\/index.php\/wp-json\/wp\/v2\/comments?post=51"}],"version-history":[{"count":9,"href":"https:\/\/krakowzakolewisly.pl\/index.php\/wp-json\/wp\/v2\/pages\/51\/revisions"}],"predecessor-version":[{"id":109,"href":"https:\/\/krakowzakolewisly.pl\/index.php\/wp-json\/wp\/v2\/pages\/51\/revisions\/109"}],"wp:featuredmedia":[{"embeddable":true,"href":"https:\/\/krakowzakolewisly.pl\/index.php\/wp-json\/wp\/v2\/media\/52"}],"wp:attachment":[{"href":"https:\/\/krakowzakolewisly.pl\/index.php\/wp-json\/wp\/v2\/media?parent=51"}],"curies":[{"name":"wp","href":"https:\/\/api.w.org\/{rel}","templated":true}]}}