{"id":53,"date":"2025-11-05T21:23:28","date_gmt":"2025-11-05T20:23:28","guid":{"rendered":"https:\/\/krakowzakolewisly.pl\/index.php\/lorem-ipsum-is-simply-dummy-text-of-the-printing-2\/"},"modified":"2025-11-07T20:15:29","modified_gmt":"2025-11-07T19:15:29","slug":"lorem-ipsum-is-simply-dummy-text-of-the-printing-2","status":"publish","type":"page","link":"https:\/\/krakowzakolewisly.pl\/index.php\/lorem-ipsum-is-simply-dummy-text-of-the-printing-2\/","title":{"rendered":"Kasa"},"content":{"rendered":"\n<p><\/p>\n\n\n\n<p>Kasa czynna w godzinach otwarcia Biura. Op\u0142at zwi\u0105zanych z u\u017cytkowaniem dzia\u0142ek prosimy dokonywa\u0107 na konto podane poni\u017cej.<\/p>\n\n\n\n<p><\/p>\n\n\n\n<h5 class=\"wp-block-heading\">Odbiorca<\/h5>\n\n\n\n<p>Rodzinny Ogr\u00f3d Dzia\u0142kowy &#8222;Zakole Wis\u0142y&#8221; w Krakowie<\/p>\n\n\n\n<p>ul. Nowohucka 80<br>30-728 Krak\u00f3w<\/p>\n\n\n\n<p><\/p>\n\n\n<h5>Konto bankowe:<\/h5>\n<p>Krakowski Bank Sp\u00f3\u0142dzielczy<br \/>96 8591 0007 0020 0000 4082 0001<\/p>\n\n\n<p><\/p>\n","protected":false},"excerpt":{"rendered":"<p>Kasa czynna w godzinach otwarcia Biura. Op\u0142at zwi\u0105zanych z u\u017cytkowaniem dzia\u0142ek prosimy dokonywa\u0107 na konto podane poni\u017cej. Odbiorca Rodzinny Ogr\u00f3d Dzia\u0142kowy &#8222;Zakole Wis\u0142y&#8221; w Krakowie ul. Nowohucka 8030-728 Krak\u00f3w Konto bankowe: Krakowski Bank Sp\u00f3\u0142dzielczy96 8591 0007 0020 0000 4082 0001<\/p>\n","protected":false},"author":1,"featured_media":54,"parent":0,"menu_order":0,"comment_status":"closed","ping_status":"closed","template":"","meta":{"_regular_price":[],"currency_symbol":[],"footnotes":""},"class_list":["post-53","page","type-page","status-publish","has-post-thumbnail","hentry"],"post_slider_layout_featured_media_urls":{"thumbnail":["https:\/\/krakowzakolewisly.pl\/wp-content\/uploads\/2025\/11\/slider2-150x150.png",150,150,true],"post_slider_layout_landscape_large":["https:\/\/krakowzakolewisly.pl\/wp-content\/uploads\/2025\/11\/slider2-1200x550.png",1200,550,true],"post_slider_layout_portrait_large":["https:\/\/krakowzakolewisly.pl\/wp-content\/uploads\/2025\/11\/slider2-1200x550.png",1200,550,true],"post_slider_layout_square_large":["https:\/\/krakowzakolewisly.pl\/wp-content\/uploads\/2025\/11\/slider2-1200x550.png",1200,550,true],"post_slider_layout_landscape":["https:\/\/krakowzakolewisly.pl\/wp-content\/uploads\/2025\/11\/slider2-600x400.png",600,400,true],"post_slider_layout_portrait":["https:\/\/krakowzakolewisly.pl\/wp-content\/uploads\/2025\/11\/slider2-600x550.png",600,550,true],"post_slider_layout_square":["https:\/\/krakowzakolewisly.pl\/wp-content\/uploads\/2025\/11\/slider2-600x550.png",600,550,true],"full":["https:\/\/krakowzakolewisly.pl\/wp-content\/uploads\/2025\/11\/slider2.png",1400,550,false]},"_links":{"self":[{"href":"https:\/\/krakowzakolewisly.pl\/index.php\/wp-json\/wp\/v2\/pages\/53","targetHints":{"allow":["GET"]}}],"collection":[{"href":"https:\/\/krakowzakolewisly.pl\/index.php\/wp-json\/wp\/v2\/pages"}],"about":[{"href":"https:\/\/krakowzakolewisly.pl\/index.php\/wp-json\/wp\/v2\/types\/page"}],"author":[{"embeddable":true,"href":"https:\/\/krakowzakolewisly.pl\/index.php\/wp-json\/wp\/v2\/users\/1"}],"replies":[{"embeddable":true,"href":"https:\/\/krakowzakolewisly.pl\/index.php\/wp-json\/wp\/v2\/comments?post=53"}],"version-history":[{"count":4,"href":"https:\/\/krakowzakolewisly.pl\/index.php\/wp-json\/wp\/v2\/pages\/53\/revisions"}],"predecessor-version":[{"id":113,"href":"https:\/\/krakowzakolewisly.pl\/index.php\/wp-json\/wp\/v2\/pages\/53\/revisions\/113"}],"wp:featuredmedia":[{"embeddable":true,"href":"https:\/\/krakowzakolewisly.pl\/index.php\/wp-json\/wp\/v2\/media\/54"}],"wp:attachment":[{"href":"https:\/\/krakowzakolewisly.pl\/index.php\/wp-json\/wp\/v2\/media?parent=53"}],"curies":[{"name":"wp","href":"https:\/\/api.w.org\/{rel}","templated":true}]}}