{"id":69,"date":"2025-11-05T21:23:34","date_gmt":"2025-11-05T20:23:34","guid":{"rendered":"https:\/\/krakowzakolewisly.pl\/index.php\/about-us-2\/"},"modified":"2025-11-05T21:35:08","modified_gmt":"2025-11-05T20:35:08","slug":"about-us-2","status":"publish","type":"page","link":"https:\/\/krakowzakolewisly.pl\/index.php\/about-us-2\/","title":{"rendered":"Historia ogrodu"},"content":{"rendered":"\n<p><\/p>\n\n\n<p>Idea ogrod\u00f3w dzia\u0142kowych w spo\u0142ecze\u0144stwie polskim rozwija si\u0119 od ko\u0144ca 19 wieku i od stu kilkunastu lat jest bliska tym wszystkim, kt\u00f3rzy z rado\u015bci\u0105 zbieraj\u0105 plony swojej ci\u0119\u017ckiej pracy na dzia\u0142kach, pracy wykonywanej cz\u0119sto poza prac\u0105 zawodow\u0105, w czasie wolnym od innych codziennych czynno\u015bci zaj\u0119\u0107 i obowi\u0105zk\u00f3w, a wykonywanej z regu\u0142y w ramach hobbistycznych zainteresowa\u0144 dzia\u0142kowicz\u00f3w. Zdaj\u0105 sobie oni doskonale spraw\u0119 z tego, \u017ce uprawa dzia\u0142ek to nie tylko relaks i odpoczynek, ale tak\u017ce odpowiedzialna i nielekka praca, to r\u00f3wnie\u017c troska o naturalne \u015brodowisko i zdrowy tryb naszego \u017cycia. Uprawa dzia\u0142ek to konkretne wzbogacanie naszego codziennego \u017cycia oraz \u017cycia wielu cz\u0142onk\u00f3w naszych rodzin, to wzmacnianie poszanowania przyrody, troski o \u015brodowisko naturalne i zdrowy tryb \u017cycia. Rozwijaj\u0105ca si\u0119 w naszym kraju od ponad wieku idea ogrodnictwa dzia\u0142kowego, ma tak\u017ce bogate tradycje na terenie naszego wojew\u00f3dztwa. Istniej\u0105 na tym terenie ogrody dzia\u0142kowe chlubi\u0105ce si\u0119 prawie dwukrotnie d\u0142u\u017cszym okresem dzia\u0142alno\u015bci ni\u017c Ogr\u00f3d \u201eZAKOLE WIS\u0141Y\u201d. Nasz jubileusz 50-lecia to jednak du\u017cy okres czasu w \u017cyciu cz\u0142owieka, to bardzo cz\u0119sto ca\u0142e doros\u0142e \u017cycie naszych dzia\u0142kowicz\u00f3w i cz\u0142onk\u00f3w ich rodzin. W\u015br\u00f3d cz\u0142onk\u00f3w Ogrodu jest jeszcze do\u015b\u0107 liczna grupa dzia\u0142kowicz\u00f3w, kt\u00f3rzy uprawiaj\u0105 swoje dzia\u0142ki od pocz\u0105tku istnienia Ogrodu, ale zdecydowanie liczniejsza jest ju\u017c grupa dzia\u0142kowicz\u00f3w kontynuuj\u0105cych upraw\u0119 dzia\u0142ek po swoich rodzicach a nawet dziadkach.<\/p>\n<p>\u00a0<\/p>\n<p>Tym najstarszym sta\u017cem cz\u0142onkowskim w naszym Ogrodzie chcia\u0142bym przypomnie\u0107 a kontynuuj\u0105cym upraw\u0119 dzia\u0142ek po swoich najbli\u017cszych oraz nowym dzia\u0142kowiczom \u2013 poda\u0107 szereg informacji dotycz\u0105cych 50-cio letniej historii Ogrodu \u201eZAKOLE WIS\u0141Y\u201d w Krakowie.<\/p>\n<p>Za dat\u0119 powstania tego Ogrodu uznaje si\u0119 27 marca 1962 roku. Na podstawie \u201eDecyzji o lokalizacji szczeg\u00f3\u0142owej\u201d nr 25\/62 Prezydium Rady Narodowej m Krakowa w tym dniu Wydzia\u0142 Architektury i Nadzoru Budowlanego m Krakowa oraz Wydzia\u0142 Gospodarki Komunalnej Dzielnicy Krak\u00f3w-Podg\u00f3rze \u2013 podj\u0105\u0142 decyzj\u0119 o organizacji Pracowniczego Ogrodu dzia\u0142kowego \u201eZAKOLE WIS\u0141Y\u201d w Krakowie przy ulicy Nowohuckiej 80. Organizatorem tego Ogrodu by\u0142 Zarz\u0105d Wojew\u00f3dzki Polskiego Zwi\u0105zku Dzia\u0142kowc\u00f3w w Krakowie.<\/p>\n<p>\u00a0<\/p>\n<p>Pierwsze dokumenty i teren wyznaczony na ten Ogr\u00f3d przyj\u0105\u0142 od w\u0142adz krakowskich Mieczys\u0142aw Dora. Zaj\u0105\u0142 si\u0119 on organizowaniem Ogrodu i przygotowaniem wybor\u00f3w Pierwszego Zarz\u0105du Ogrodu. Ogr\u00f3d zosta\u0142 za\u0142o\u017cony na terenie po\u0142o\u017conym miedzy: mostem w \u0141\u0119gu, wzd\u0142u\u017c Wis\u0142y obok dawnej \u017cwirowni, tamy w D\u0105biu i terenem Stoczni Rzecznej oraz ul. Nowohuckiej do mostu w \u0141\u0119gu. Teren przeznaczony na Ogr\u00f3d by\u0142 bardzo zaniedbany a stanowi\u0142y go wyj\u0105tkowo zachwaszczone i zaro\u015bni\u0119te nieu\u017cytki, wysypiska \u015bmieci i szkodliwych oraz uci\u0105\u017cliwych odpad\u00f3w produkcyjnych r\u00f3\u017cnych krakowskich zak\u0142ad\u00f3w m. in.: farmaceutycznych, wyrob\u00f3w gumowych i garbarskich. Na tym terenie tak\u017ce cz\u0119\u015bciowo rozkopanym w wyniku nielegalnie wybieranego piasku znajdowa\u0142y si\u0119 w du\u017cych ilo\u015bciach zanieczyszczona ziemia i gruz wywo\u017cony tu przez szereg krakowskich przedsi\u0119biorstw budowlanych i komunalnych.<\/p>\n<p>Ogromne zaanga\u017cowanie i wieloletnie wysi\u0142ki bardzo licznej grupy cz\u0142onk\u00f3w tego Ogrodu oraz wielu krakowskich zak\u0142ad\u00f3w pracy sprawi\u0142y, \u017ce powsta\u0142 w tym miejscu tak bardzo potrzebny Krakowowi \u2013 w\u0142a\u015bciwie utrzymany i piel\u0119gnowany teren zielony. Dzi\u0119ki zorganizowaniu tego przedsi\u0119wzi\u0119cia Krak\u00f3w zyska\u0142 blisko 20 hektar\u00f3w \u015bwietnej i stale piel\u0119gnowanej zieleni a kilkuset mieszka\u0144c\u00f3w tego miasta swoje upragnione dzia\u0142ki ogrodowe.<\/p>\n<p>\u00a0<\/p>\n<p>Ogr\u00f3d \u201eZAKOLE WIS\u0141Y\u201d to oko\u0142o 18 ha powierzchni oraz pas ochronny zieleni usytuowany wzd\u0142u\u017c zewn\u0119trznej strony ogrodzenia, kt\u00f3ry jest nasadzony, piel\u0119gnowany i utrzymywany przez spo\u0142eczno\u015b\u0107 tego Ogrodu. Ju\u017c wiosn\u0105 1963 r. pierwszy Zarz\u0105d Ogrodu przyst\u0105pi\u0142 do realizacji podstawowych prac organizacyjnych a geodeci Urz\u0119du Dzielnicy Krak\u00f3w-Podg\u00f3rze dokonali pomiaru i wytyczenia dzia\u0142ek, dr\u00f3g i alejek, og\u00f3lnego usytuowania ogrodu i jego granic. By\u0142y to podstawowe prace, kt\u00f3re w p\u00f3\u017aniejszym czasie pozwoli\u0142y zorganizowa\u0107 z prawdziwego zdarzenia Ogr\u00f3d dzia\u0142kowy \u201eZAKOLE WIS\u0141Y\u201d. Ogr\u00f3d ten systematycznie zwi\u0119ksza\u0142 ilo\u015b\u0107 dzia\u0142ek a ostatnie zwi\u0119kszenie o 16 dzia\u0142ek mia\u0142o miejsce w 2005 r. Na podstawie uchwa\u0142y Ma\u0142opolskiego Zarz\u0105du Okr\u0119gowego oraz Zarz\u0105du Ogrodu Dzia\u0142kowego \u201eZAKOLE WIS\u0141Y\u201d \u2013 do istniej\u0105cych dzia\u0142ek zosta\u0142 w\u0142\u0105czony teren z nowymi dzia\u0142kami oznaczony numerami 421-430 oraz 366A, 356A, 386B, 387B, 387C i 391A.<\/p>\n<p>\u00a0<\/p>\n<p>Aktualnie Ogr\u00f3d posiada 435 dzia\u0142ek zajmuj\u0105cych \u0142\u0105cznie ponad 14 hektar\u00f3w powierzchni uprawnej.<\/p>","protected":false},"excerpt":{"rendered":"<p>Idea ogrod\u00f3w dzia\u0142kowych w spo\u0142ecze\u0144stwie polskim rozwija si\u0119 od ko\u0144ca 19 wieku i od stu kilkunastu lat jest bliska tym wszystkim, kt\u00f3rzy z rado\u015bci\u0105 zbieraj\u0105 plony swojej ci\u0119\u017ckiej pracy na dzia\u0142kach, pracy wykonywanej cz\u0119sto poza prac\u0105 zawodow\u0105, w czasie wolnym od innych codziennych czynno\u015bci zaj\u0119\u0107 i obowi\u0105zk\u00f3w, a wykonywanej z regu\u0142y w ramach hobbistycznych zainteresowa\u0144 [&hellip;]<\/p>\n","protected":false},"author":1,"featured_media":70,"parent":0,"menu_order":0,"comment_status":"closed","ping_status":"closed","template":"","meta":{"_regular_price":[],"currency_symbol":[],"footnotes":""},"class_list":["post-69","page","type-page","status-publish","has-post-thumbnail","hentry"],"post_slider_layout_featured_media_urls":{"thumbnail":["https:\/\/krakowzakolewisly.pl\/wp-content\/uploads\/2025\/11\/about-us-150x150.png",150,150,true],"post_slider_layout_landscape_large":["https:\/\/krakowzakolewisly.pl\/wp-content\/uploads\/2025\/11\/about-us.png",468,288,false],"post_slider_layout_portrait_large":["https:\/\/krakowzakolewisly.pl\/wp-content\/uploads\/2025\/11\/about-us.png",468,288,false],"post_slider_layout_square_large":["https:\/\/krakowzakolewisly.pl\/wp-content\/uploads\/2025\/11\/about-us.png",468,288,false],"post_slider_layout_landscape":["https:\/\/krakowzakolewisly.pl\/wp-content\/uploads\/2025\/11\/about-us.png",468,288,false],"post_slider_layout_portrait":["https:\/\/krakowzakolewisly.pl\/wp-content\/uploads\/2025\/11\/about-us.png",468,288,false],"post_slider_layout_square":["https:\/\/krakowzakolewisly.pl\/wp-content\/uploads\/2025\/11\/about-us.png",468,288,false],"full":["https:\/\/krakowzakolewisly.pl\/wp-content\/uploads\/2025\/11\/about-us.png",468,288,false]},"_links":{"self":[{"href":"https:\/\/krakowzakolewisly.pl\/index.php\/wp-json\/wp\/v2\/pages\/69","targetHints":{"allow":["GET"]}}],"collection":[{"href":"https:\/\/krakowzakolewisly.pl\/index.php\/wp-json\/wp\/v2\/pages"}],"about":[{"href":"https:\/\/krakowzakolewisly.pl\/index.php\/wp-json\/wp\/v2\/types\/page"}],"author":[{"embeddable":true,"href":"https:\/\/krakowzakolewisly.pl\/index.php\/wp-json\/wp\/v2\/users\/1"}],"replies":[{"embeddable":true,"href":"https:\/\/krakowzakolewisly.pl\/index.php\/wp-json\/wp\/v2\/comments?post=69"}],"version-history":[{"count":2,"href":"https:\/\/krakowzakolewisly.pl\/index.php\/wp-json\/wp\/v2\/pages\/69\/revisions"}],"predecessor-version":[{"id":77,"href":"https:\/\/krakowzakolewisly.pl\/index.php\/wp-json\/wp\/v2\/pages\/69\/revisions\/77"}],"wp:featuredmedia":[{"embeddable":true,"href":"https:\/\/krakowzakolewisly.pl\/index.php\/wp-json\/wp\/v2\/media\/70"}],"wp:attachment":[{"href":"https:\/\/krakowzakolewisly.pl\/index.php\/wp-json\/wp\/v2\/media?parent=69"}],"curies":[{"name":"wp","href":"https:\/\/api.w.org\/{rel}","templated":true}]}}